{"id":2445,"date":"2023-08-19T22:32:49","date_gmt":"2023-08-19T22:32:49","guid":{"rendered":"https:\/\/ten.cl\/regalos-imprenta-digital\/?post_type=product&#038;p=2445"},"modified":"2026-04-15T00:08:47","modified_gmt":"2026-04-15T00:08:47","slug":"pendon-roller","status":"publish","type":"product","link":"https:\/\/ten.cl\/regalos-imprenta-digital\/shop\/pendon-roller\/","title":{"rendered":"Pend\u00f3n Roller"},"content":{"rendered":"<p><span style=\"font-weight: 400;\">Los pendones roller por lo general se imprimen en material PVC o papel sint\u00e9tico, estos pueden variar en medidas de 80, 90 o 100 cm de ancho por 2 m de alto. Existen tambi\u00e9n otros tama\u00f1os que pueden ser de 120, 150 cm de alto, con un tope de 3 m de ancho. Son menos comunes y estos van variando seg\u00fan el material utilizado.<\/span><\/p>\n<p><span style=\"font-weight: 400;\">Todos los pendones vienen con bolso y un travesa\u00f1o, tambi\u00e9n podemos regular una altura m\u00e1xima de 2 metros.<\/span><\/p>\n","protected":false},"excerpt":{"rendered":"<p>Pend\u00f3n Roller<\/p>\n","protected":false},"featured_media":2459,"comment_status":"open","ping_status":"closed","template":"","meta":{"neve_meta_sidebar":"","neve_meta_container":"","neve_meta_enable_content_width":"off","neve_meta_content_width":100,"neve_meta_title_alignment":"","neve_meta_author_avatar":"","neve_post_elements_order":"","neve_meta_disable_header":"","neve_meta_disable_footer":"","neve_meta_disable_title":"","_themeisle_gutenberg_block_has_review":false,"_joinchat":[]},"product_brand":[],"product_cat":[72],"product_tag":[146,147],"class_list":{"0":"post-2445","1":"product","2":"type-product","3":"status-publish","4":"has-post-thumbnail","6":"product_cat-pendon-roller","7":"product_tag-pendon","8":"product_tag-roller","10":"first","11":"instock","12":"shipping-taxable","13":"purchasable","14":"product-type-variable"},"_links":{"self":[{"href":"https:\/\/ten.cl\/regalos-imprenta-digital\/wp-json\/wp\/v2\/product\/2445","targetHints":{"allow":["GET"]}}],"collection":[{"href":"https:\/\/ten.cl\/regalos-imprenta-digital\/wp-json\/wp\/v2\/product"}],"about":[{"href":"https:\/\/ten.cl\/regalos-imprenta-digital\/wp-json\/wp\/v2\/types\/product"}],"replies":[{"embeddable":true,"href":"https:\/\/ten.cl\/regalos-imprenta-digital\/wp-json\/wp\/v2\/comments?post=2445"}],"wp:featuredmedia":[{"embeddable":true,"href":"https:\/\/ten.cl\/regalos-imprenta-digital\/wp-json\/wp\/v2\/media\/2459"}],"wp:attachment":[{"href":"https:\/\/ten.cl\/regalos-imprenta-digital\/wp-json\/wp\/v2\/media?parent=2445"}],"wp:term":[{"taxonomy":"product_brand","embeddable":true,"href":"https:\/\/ten.cl\/regalos-imprenta-digital\/wp-json\/wp\/v2\/product_brand?post=2445"},{"taxonomy":"product_cat","embeddable":true,"href":"https:\/\/ten.cl\/regalos-imprenta-digital\/wp-json\/wp\/v2\/product_cat?post=2445"},{"taxonomy":"product_tag","embeddable":true,"href":"https:\/\/ten.cl\/regalos-imprenta-digital\/wp-json\/wp\/v2\/product_tag?post=2445"}],"curies":[{"name":"wp","href":"https:\/\/api.w.org\/{rel}","templated":true}]}}