{"id":2230,"date":"2023-08-19T05:34:48","date_gmt":"2023-08-19T05:34:48","guid":{"rendered":"https:\/\/ten.cl\/regalos-imprenta-digital\/?post_type=product&#038;p=2230"},"modified":"2026-04-15T00:08:34","modified_gmt":"2026-04-15T00:08:34","slug":"porta-afiche-30x45cm-con-separadores","status":"publish","type":"product","link":"https:\/\/ten.cl\/regalos-imprenta-digital\/shop\/porta-afiche-30x45cm-con-separadores\/","title":{"rendered":"Porta Afiche 30x45cm con separadores"},"content":{"rendered":"<p><span style=\"font-weight: 400;\">Hacemos porta afiches en medidas de media carta, oficio y tabloide. Estos afiches pueden tener una hoja de capacidad o varias. Se agrega una media luna para que sea m\u00e1s f\u00e1cil retirar la hoja. Estos pueden ser de sobremesa o murales, estos \u00faltimos pueden llevar distanciadores para su instalaci\u00f3n.<\/span><\/p>\n","protected":false},"excerpt":{"rendered":"<p><span style=\"font-weight: 400;\">Porta afiches en medidas de media carta, oficio y tabloide.<\/span><\/p>\n","protected":false},"featured_media":2226,"comment_status":"open","ping_status":"closed","template":"","meta":{"neve_meta_sidebar":"","neve_meta_container":"","neve_meta_enable_content_width":"off","neve_meta_content_width":100,"neve_meta_title_alignment":"","neve_meta_author_avatar":"","neve_post_elements_order":"","neve_meta_disable_header":"","neve_meta_disable_footer":"","neve_meta_disable_title":"","_themeisle_gutenberg_block_has_review":false,"_joinchat":[]},"product_brand":[],"product_cat":[66],"product_tag":[109,116],"class_list":{"0":"post-2230","1":"product","2":"type-product","3":"status-publish","4":"has-post-thumbnail","6":"product_cat-acrilicos","7":"product_tag-acrilico","8":"product_tag-separadores","10":"first","11":"instock","12":"shipping-taxable","13":"purchasable","14":"product-type-variable"},"_links":{"self":[{"href":"https:\/\/ten.cl\/regalos-imprenta-digital\/wp-json\/wp\/v2\/product\/2230","targetHints":{"allow":["GET"]}}],"collection":[{"href":"https:\/\/ten.cl\/regalos-imprenta-digital\/wp-json\/wp\/v2\/product"}],"about":[{"href":"https:\/\/ten.cl\/regalos-imprenta-digital\/wp-json\/wp\/v2\/types\/product"}],"replies":[{"embeddable":true,"href":"https:\/\/ten.cl\/regalos-imprenta-digital\/wp-json\/wp\/v2\/comments?post=2230"}],"wp:featuredmedia":[{"embeddable":true,"href":"https:\/\/ten.cl\/regalos-imprenta-digital\/wp-json\/wp\/v2\/media\/2226"}],"wp:attachment":[{"href":"https:\/\/ten.cl\/regalos-imprenta-digital\/wp-json\/wp\/v2\/media?parent=2230"}],"wp:term":[{"taxonomy":"product_brand","embeddable":true,"href":"https:\/\/ten.cl\/regalos-imprenta-digital\/wp-json\/wp\/v2\/product_brand?post=2230"},{"taxonomy":"product_cat","embeddable":true,"href":"https:\/\/ten.cl\/regalos-imprenta-digital\/wp-json\/wp\/v2\/product_cat?post=2230"},{"taxonomy":"product_tag","embeddable":true,"href":"https:\/\/ten.cl\/regalos-imprenta-digital\/wp-json\/wp\/v2\/product_tag?post=2230"}],"curies":[{"name":"wp","href":"https:\/\/api.w.org\/{rel}","templated":true}]}}