{"id":2217,"date":"2023-08-19T05:20:31","date_gmt":"2023-08-19T05:20:31","guid":{"rendered":"https:\/\/ten.cl\/regalos-imprenta-digital\/?post_type=product&#038;p=2217"},"modified":"2023-08-19T23:43:51","modified_gmt":"2023-08-19T23:43:51","slug":"porta-nombre-acrilico-3mm-10x21cm-copia","status":"publish","type":"product","link":"https:\/\/ten.cl\/regalos-imprenta-digital\/shop\/porta-nombre-acrilico-3mm-10x21cm-copia\/","title":{"rendered":"Porta hoja sobremesa tipo T"},"content":{"rendered":"<p><span style=\"font-weight: 400;\">Los porta folletos existen de diferentes tama\u00f1os y formas. Est\u00e1n el tipo \u201cT\u201d, el cual se lleva una gr\u00e1fica central. Tambi\u00e9n tenemos para volantes, murales o de escritorio. Podemos hacer la medida que m\u00e1s te acomode. Incorporamos en los porta folletos de una l\u00e1mina, la impresi\u00f3n interior.<\/span><\/p>\n","protected":false},"excerpt":{"rendered":"<p>Porta hoja sobremesa tipo T tama\u00f1o media carta, acrilico 3mm, con impresi\u00f3n<\/p>\n","protected":false},"featured_media":2220,"comment_status":"closed","ping_status":"closed","template":"","meta":{"neve_meta_sidebar":"","neve_meta_container":"","neve_meta_enable_content_width":"off","neve_meta_content_width":100,"neve_meta_title_alignment":"","neve_meta_author_avatar":"","neve_post_elements_order":"","neve_meta_disable_header":"","neve_meta_disable_footer":"","neve_meta_disable_title":"","_themeisle_gutenberg_block_has_review":false,"_joinchat":[]},"product_brand":[],"product_cat":[66,65],"product_tag":[109,116],"class_list":{"0":"post-2217","1":"product","2":"type-product","3":"status-publish","4":"has-post-thumbnail","6":"product_cat-acrilicos","7":"product_cat-senaleticas","8":"product_tag-acrilico","9":"product_tag-separadores","11":"first","12":"instock","13":"shipping-taxable","14":"purchasable","15":"product-type-variable"},"_links":{"self":[{"href":"https:\/\/ten.cl\/regalos-imprenta-digital\/wp-json\/wp\/v2\/product\/2217","targetHints":{"allow":["GET"]}}],"collection":[{"href":"https:\/\/ten.cl\/regalos-imprenta-digital\/wp-json\/wp\/v2\/product"}],"about":[{"href":"https:\/\/ten.cl\/regalos-imprenta-digital\/wp-json\/wp\/v2\/types\/product"}],"replies":[{"embeddable":true,"href":"https:\/\/ten.cl\/regalos-imprenta-digital\/wp-json\/wp\/v2\/comments?post=2217"}],"wp:featuredmedia":[{"embeddable":true,"href":"https:\/\/ten.cl\/regalos-imprenta-digital\/wp-json\/wp\/v2\/media\/2220"}],"wp:attachment":[{"href":"https:\/\/ten.cl\/regalos-imprenta-digital\/wp-json\/wp\/v2\/media?parent=2217"}],"wp:term":[{"taxonomy":"product_brand","embeddable":true,"href":"https:\/\/ten.cl\/regalos-imprenta-digital\/wp-json\/wp\/v2\/product_brand?post=2217"},{"taxonomy":"product_cat","embeddable":true,"href":"https:\/\/ten.cl\/regalos-imprenta-digital\/wp-json\/wp\/v2\/product_cat?post=2217"},{"taxonomy":"product_tag","embeddable":true,"href":"https:\/\/ten.cl\/regalos-imprenta-digital\/wp-json\/wp\/v2\/product_tag?post=2217"}],"curies":[{"name":"wp","href":"https:\/\/api.w.org\/{rel}","templated":true}]}}