{"id":2164,"date":"2023-08-19T04:19:31","date_gmt":"2023-08-19T04:19:31","guid":{"rendered":"https:\/\/ten.cl\/regalos-imprenta-digital\/?post_type=product&#038;p=2164"},"modified":"2023-08-19T23:40:40","modified_gmt":"2023-08-19T23:40:40","slug":"acrilico-separador-mesa-4-l-120x60cm","status":"publish","type":"product","link":"https:\/\/ten.cl\/regalos-imprenta-digital\/shop\/acrilico-separador-mesa-4-l-120x60cm\/","title":{"rendered":"Acr\u00edlico Separador Mesa 4 L, 120x60cm"},"content":{"rendered":"<p><span style=\"font-weight: 400;\">Estos son realizados para mesas de reuniones muy grandes. Por lo general tiene una longitud de 120 o hasta 160 cm de largo, sobre la cual se recomienda que se utilice otro separador extra para agregarle al tama\u00f1o. Estos van con cuatro soportes en \u201cL\u201d de 5 mm. Los soportes son con doble contacto y un tornillo de perforaci\u00f3n para generar una fijaci\u00f3n segura hacia el acr\u00edlico. El doble contacto va hacia la mesa, ya que no produce da\u00f1o al momento de retirar y evitar perforaciones.<\/span><\/p>\n","protected":false},"excerpt":{"rendered":"<p>Separador mesa con 4 L, 120X60CM, Acrilico 3mm, &#8220;L&#8221; en 5mm, con doble contacto y Stopper.<\/p>\n","protected":false},"featured_media":2168,"comment_status":"closed","ping_status":"closed","template":"","meta":{"neve_meta_sidebar":"","neve_meta_container":"","neve_meta_enable_content_width":"off","neve_meta_content_width":100,"neve_meta_title_alignment":"","neve_meta_author_avatar":"","neve_post_elements_order":"","neve_meta_disable_header":"","neve_meta_disable_footer":"","neve_meta_disable_title":"","_themeisle_gutenberg_block_has_review":false,"_joinchat":[]},"product_brand":[],"product_cat":[66,65],"product_tag":[109,116],"class_list":{"0":"post-2164","1":"product","2":"type-product","3":"status-publish","4":"has-post-thumbnail","6":"product_cat-acrilicos","7":"product_cat-senaleticas","8":"product_tag-acrilico","9":"product_tag-separadores","11":"first","12":"instock","13":"shipping-taxable","14":"purchasable","15":"product-type-variable"},"_links":{"self":[{"href":"https:\/\/ten.cl\/regalos-imprenta-digital\/wp-json\/wp\/v2\/product\/2164","targetHints":{"allow":["GET"]}}],"collection":[{"href":"https:\/\/ten.cl\/regalos-imprenta-digital\/wp-json\/wp\/v2\/product"}],"about":[{"href":"https:\/\/ten.cl\/regalos-imprenta-digital\/wp-json\/wp\/v2\/types\/product"}],"replies":[{"embeddable":true,"href":"https:\/\/ten.cl\/regalos-imprenta-digital\/wp-json\/wp\/v2\/comments?post=2164"}],"wp:featuredmedia":[{"embeddable":true,"href":"https:\/\/ten.cl\/regalos-imprenta-digital\/wp-json\/wp\/v2\/media\/2168"}],"wp:attachment":[{"href":"https:\/\/ten.cl\/regalos-imprenta-digital\/wp-json\/wp\/v2\/media?parent=2164"}],"wp:term":[{"taxonomy":"product_brand","embeddable":true,"href":"https:\/\/ten.cl\/regalos-imprenta-digital\/wp-json\/wp\/v2\/product_brand?post=2164"},{"taxonomy":"product_cat","embeddable":true,"href":"https:\/\/ten.cl\/regalos-imprenta-digital\/wp-json\/wp\/v2\/product_cat?post=2164"},{"taxonomy":"product_tag","embeddable":true,"href":"https:\/\/ten.cl\/regalos-imprenta-digital\/wp-json\/wp\/v2\/product_tag?post=2164"}],"curies":[{"name":"wp","href":"https:\/\/api.w.org\/{rel}","templated":true}]}}