{"id":2095,"date":"2023-08-19T03:25:19","date_gmt":"2023-08-19T03:25:19","guid":{"rendered":"https:\/\/ten.cl\/regalos-imprenta-digital\/?post_type=product&#038;p=2095"},"modified":"2023-08-19T23:39:35","modified_gmt":"2023-08-19T23:39:35","slug":"floorgraphics","status":"publish","type":"product","link":"https:\/\/ten.cl\/regalos-imprenta-digital\/shop\/floorgraphics\/","title":{"rendered":"Floorgraphics"},"content":{"rendered":"<p><span style=\"font-weight: 400;\">La se\u00f1al\u00e9tica de piso o floorgraphic es una es una se\u00f1al\u00e9tica que tiene un pegamento extra y un material de sobreimpresi\u00f3n de mayor micronaje ya que debe resistir la fuerza de los pies en el piso, en algunos casos se debe agregar un extra adhesivo para sectores que son porosos, se recomienda siempre que estos se instalen sobre superficies lisas.<\/span><\/p>\n","protected":false},"excerpt":{"rendered":"<p><span style=\"font-weight: 400;\">Floorgraphic para superficies lisas.<\/span><\/p>\n","protected":false},"featured_media":2108,"comment_status":"closed","ping_status":"closed","template":"","meta":{"neve_meta_sidebar":"","neve_meta_container":"","neve_meta_enable_content_width":"off","neve_meta_content_width":100,"neve_meta_title_alignment":"","neve_meta_author_avatar":"","neve_post_elements_order":"","neve_meta_disable_header":"","neve_meta_disable_footer":"","neve_meta_disable_title":"","_themeisle_gutenberg_block_has_review":false,"_joinchat":[]},"product_brand":[],"product_cat":[106,65],"product_tag":[101,99],"class_list":{"0":"post-2095","1":"product","2":"type-product","3":"status-publish","4":"has-post-thumbnail","6":"product_cat-floorgraphics","7":"product_cat-senaleticas","8":"product_tag-floorgrafics","9":"product_tag-senaletica","11":"first","12":"instock","13":"shipping-taxable","14":"purchasable","15":"product-type-variable"},"_links":{"self":[{"href":"https:\/\/ten.cl\/regalos-imprenta-digital\/wp-json\/wp\/v2\/product\/2095","targetHints":{"allow":["GET"]}}],"collection":[{"href":"https:\/\/ten.cl\/regalos-imprenta-digital\/wp-json\/wp\/v2\/product"}],"about":[{"href":"https:\/\/ten.cl\/regalos-imprenta-digital\/wp-json\/wp\/v2\/types\/product"}],"replies":[{"embeddable":true,"href":"https:\/\/ten.cl\/regalos-imprenta-digital\/wp-json\/wp\/v2\/comments?post=2095"}],"wp:featuredmedia":[{"embeddable":true,"href":"https:\/\/ten.cl\/regalos-imprenta-digital\/wp-json\/wp\/v2\/media\/2108"}],"wp:attachment":[{"href":"https:\/\/ten.cl\/regalos-imprenta-digital\/wp-json\/wp\/v2\/media?parent=2095"}],"wp:term":[{"taxonomy":"product_brand","embeddable":true,"href":"https:\/\/ten.cl\/regalos-imprenta-digital\/wp-json\/wp\/v2\/product_brand?post=2095"},{"taxonomy":"product_cat","embeddable":true,"href":"https:\/\/ten.cl\/regalos-imprenta-digital\/wp-json\/wp\/v2\/product_cat?post=2095"},{"taxonomy":"product_tag","embeddable":true,"href":"https:\/\/ten.cl\/regalos-imprenta-digital\/wp-json\/wp\/v2\/product_tag?post=2095"}],"curies":[{"name":"wp","href":"https:\/\/api.w.org\/{rel}","templated":true}]}}