{"id":2009,"date":"2023-08-19T02:29:09","date_gmt":"2023-08-19T02:29:09","guid":{"rendered":"https:\/\/ten.cl\/regalos-imprenta-digital\/?post_type=product&#038;p=2009"},"modified":"2026-04-15T00:09:07","modified_gmt":"2026-04-15T00:09:07","slug":"calendario-maritimo-color","status":"publish","type":"product","link":"https:\/\/ten.cl\/regalos-imprenta-digital\/shop\/calendario-maritimo-color\/","title":{"rendered":"Calendario Mar\u00edtimo Color"},"content":{"rendered":"<p><span style=\"font-weight: 400;\">El calendario mar\u00edtimo color tiene un tama\u00f1o m\u00e1ximo de impresi\u00f3n de 32&#215;68 cm, en una sola l\u00e1mina, los tacos tambi\u00e9n son personalizados de medida 28x15cm.<\/span><\/p>\n<p><strong>La cantidad m\u00ednima es de 500 unidades, ya que se trabaja a trav\u00e9s de offset.<\/strong><\/p>\n","protected":false},"excerpt":{"rendered":"<p><span style=\"font-weight: 400;\">El calendario mar\u00edtimo color de 32&#215;68 cm.<\/span><\/p>\n","protected":false},"featured_media":2012,"comment_status":"open","ping_status":"closed","template":"","meta":{"neve_meta_sidebar":"","neve_meta_container":"","neve_meta_enable_content_width":"off","neve_meta_content_width":100,"neve_meta_title_alignment":"","neve_meta_author_avatar":"","neve_post_elements_order":"","neve_meta_disable_header":"","neve_meta_disable_footer":"","neve_meta_disable_title":"","_themeisle_gutenberg_block_has_review":false,"_joinchat":[]},"product_brand":[],"product_cat":[64],"product_tag":[82,83],"class_list":{"0":"post-2009","1":"product","2":"type-product","3":"status-publish","4":"has-post-thumbnail","6":"product_cat-calendarios","7":"product_tag-calendario","8":"product_tag-iman","10":"first","11":"instock","12":"shipping-taxable","13":"purchasable","14":"product-type-variable"},"_links":{"self":[{"href":"https:\/\/ten.cl\/regalos-imprenta-digital\/wp-json\/wp\/v2\/product\/2009","targetHints":{"allow":["GET"]}}],"collection":[{"href":"https:\/\/ten.cl\/regalos-imprenta-digital\/wp-json\/wp\/v2\/product"}],"about":[{"href":"https:\/\/ten.cl\/regalos-imprenta-digital\/wp-json\/wp\/v2\/types\/product"}],"replies":[{"embeddable":true,"href":"https:\/\/ten.cl\/regalos-imprenta-digital\/wp-json\/wp\/v2\/comments?post=2009"}],"wp:featuredmedia":[{"embeddable":true,"href":"https:\/\/ten.cl\/regalos-imprenta-digital\/wp-json\/wp\/v2\/media\/2012"}],"wp:attachment":[{"href":"https:\/\/ten.cl\/regalos-imprenta-digital\/wp-json\/wp\/v2\/media?parent=2009"}],"wp:term":[{"taxonomy":"product_brand","embeddable":true,"href":"https:\/\/ten.cl\/regalos-imprenta-digital\/wp-json\/wp\/v2\/product_brand?post=2009"},{"taxonomy":"product_cat","embeddable":true,"href":"https:\/\/ten.cl\/regalos-imprenta-digital\/wp-json\/wp\/v2\/product_cat?post=2009"},{"taxonomy":"product_tag","embeddable":true,"href":"https:\/\/ten.cl\/regalos-imprenta-digital\/wp-json\/wp\/v2\/product_tag?post=2009"}],"curies":[{"name":"wp","href":"https:\/\/api.w.org\/{rel}","templated":true}]}}