{"id":1883,"date":"2023-08-17T03:04:20","date_gmt":"2023-08-17T03:04:20","guid":{"rendered":"https:\/\/ten.cl\/regalos-imprenta-digital\/?post_type=product&#038;p=1883"},"modified":"2023-08-19T23:34:30","modified_gmt":"2023-08-19T23:34:30","slug":"calendario-escritorio-anillado","status":"publish","type":"product","link":"https:\/\/ten.cl\/regalos-imprenta-digital\/shop\/calendario-escritorio-anillado\/","title":{"rendered":"Calendario Escritorio Anillado"},"content":{"rendered":"<p><span style=\"font-weight: 400;\">Hay 2 medidas est\u00e1ndar para los calendarios de escritorio anillado, una es de 11,5 x 15cm y la otra es de 20 x 10 cm, estas pueden ser de 3 o 6 hojas que rotan. <\/span><\/p>\n<p><span style=\"font-weight: 400;\">Tambi\u00e9n podemos fabricar calendarios de otras dimensiones y cantidad de hojas. La base se imprime por lo general en un couche de 300 g y las hojas que rotan en un coch\u00e9 de 170 g, pueden ser termolaminadas o solamente impresas. <\/span><\/p>\n<p><span style=\"font-weight: 400;\">Tambi\u00e9n contamos con \u00e1rea de dise\u00f1o por si necesitas hacer un calendario personalizado para su empresa.<\/span><\/p>\n","protected":false},"excerpt":{"rendered":"<p><span style=\"font-weight: 400;\">Hay 2 medidas est\u00e1ndar para los calendarios de escritorio anillado, una es de 11,5 x 15cm y la otra es de 20 x 10 cm, estas pueden ser de 3 o 6 hojas que rotan.<\/span><\/p>\n","protected":false},"featured_media":1898,"comment_status":"closed","ping_status":"closed","template":"","meta":{"neve_meta_sidebar":"","neve_meta_container":"","neve_meta_enable_content_width":"off","neve_meta_content_width":100,"neve_meta_title_alignment":"","neve_meta_author_avatar":"","neve_post_elements_order":"","neve_meta_disable_header":"","neve_meta_disable_footer":"","neve_meta_disable_title":"","_themeisle_gutenberg_block_has_review":false,"_joinchat":[]},"product_brand":[],"product_cat":[64],"product_tag":[82,83],"class_list":{"0":"post-1883","1":"product","2":"type-product","3":"status-publish","4":"has-post-thumbnail","6":"product_cat-calendarios","7":"product_tag-calendario","8":"product_tag-iman","10":"first","11":"instock","12":"shipping-taxable","13":"purchasable","14":"product-type-variable"},"_links":{"self":[{"href":"https:\/\/ten.cl\/regalos-imprenta-digital\/wp-json\/wp\/v2\/product\/1883","targetHints":{"allow":["GET"]}}],"collection":[{"href":"https:\/\/ten.cl\/regalos-imprenta-digital\/wp-json\/wp\/v2\/product"}],"about":[{"href":"https:\/\/ten.cl\/regalos-imprenta-digital\/wp-json\/wp\/v2\/types\/product"}],"replies":[{"embeddable":true,"href":"https:\/\/ten.cl\/regalos-imprenta-digital\/wp-json\/wp\/v2\/comments?post=1883"}],"wp:featuredmedia":[{"embeddable":true,"href":"https:\/\/ten.cl\/regalos-imprenta-digital\/wp-json\/wp\/v2\/media\/1898"}],"wp:attachment":[{"href":"https:\/\/ten.cl\/regalos-imprenta-digital\/wp-json\/wp\/v2\/media?parent=1883"}],"wp:term":[{"taxonomy":"product_brand","embeddable":true,"href":"https:\/\/ten.cl\/regalos-imprenta-digital\/wp-json\/wp\/v2\/product_brand?post=1883"},{"taxonomy":"product_cat","embeddable":true,"href":"https:\/\/ten.cl\/regalos-imprenta-digital\/wp-json\/wp\/v2\/product_cat?post=1883"},{"taxonomy":"product_tag","embeddable":true,"href":"https:\/\/ten.cl\/regalos-imprenta-digital\/wp-json\/wp\/v2\/product_tag?post=1883"}],"curies":[{"name":"wp","href":"https:\/\/api.w.org\/{rel}","templated":true}]}}